{"id":1856,"date":"2024-07-24T06:21:02","date_gmt":"2024-07-24T06:21:02","guid":{"rendered":"https:\/\/www.poortapoort.ch\/impressum\/"},"modified":"2024-08-02T13:58:12","modified_gmt":"2024-08-02T13:58:12","slug":"mentions-legales","status":"publish","type":"page","link":"https:\/\/www.poortapoort.ch\/fr\/mentions-legales\/","title":{"rendered":"Mentions l\u00e9gales"},"content":{"rendered":"\t\t<div data-elementor-type=\"wp-page\" data-elementor-id=\"1856\" class=\"elementor elementor-1856 elementor-1110\" data-elementor-post-type=\"page\">\n\t\t\t\t<section class=\"elementor-element elementor-element-d59fa9e e-con-full subpage-introsection e-flex e-con e-parent\" data-id=\"d59fa9e\" data-element_type=\"container\" data-e-type=\"container\" data-settings=\"{&quot;background_background&quot;:&quot;classic&quot;}\">\n\t\t<div class=\"elementor-element elementor-element-c1ed901 e-flex e-con-boxed e-con e-child\" data-id=\"c1ed901\" data-element_type=\"container\" data-e-type=\"container\">\n\t\t\t\t\t<div class=\"e-con-inner\">\n\t\t\t\t<div class=\"elementor-element elementor-element-feca3fd animated-slow elementor-invisible elementor-widget elementor-widget-text-editor\" data-id=\"feca3fd\" data-element_type=\"widget\" data-e-type=\"widget\" data-settings=\"{&quot;_animation&quot;:&quot;fadeInUp&quot;,&quot;_animation_delay&quot;:300}\" data-widget_type=\"text-editor.default\">\n\t\t\t\t<div class=\"elementor-widget-container\">\n\t\t\t\t\t\t\t\t\t<h5>Dorfhotel Poort A Poort<\/h5>\t\t\t\t\t\t\t\t<\/div>\n\t\t\t\t<\/div>\n\t\t\t\t<div class=\"elementor-element elementor-element-73fab49 elementor-widget elementor-widget-heading\" data-id=\"73fab49\" data-element_type=\"widget\" data-e-type=\"widget\" data-widget_type=\"heading.default\">\n\t\t\t\t<div class=\"elementor-widget-container\">\n\t\t\t\t\t<h1 class=\"elementor-heading-title elementor-size-default\">Mentions l\u00e9gales<\/h1>\t\t\t\t<\/div>\n\t\t\t\t<\/div>\n\t\t\t\t\t<\/div>\n\t\t\t\t<\/div>\n\t\t\t\t<\/section>\n\t\t<section class=\"elementor-element elementor-element-a269496 bg-lightgreen e-flex e-con-boxed e-con e-parent\" data-id=\"a269496\" data-element_type=\"container\" data-e-type=\"container\">\n\t\t\t\t\t<div class=\"e-con-inner\">\n\t\t<div class=\"elementor-element elementor-element-cd78968 e-con-full e-flex e-con e-child\" data-id=\"cd78968\" data-element_type=\"container\" data-e-type=\"container\">\n\t\t\t\t<div class=\"elementor-element elementor-element-c66352f elementor-widget elementor-widget-text-editor\" data-id=\"c66352f\" data-element_type=\"widget\" data-e-type=\"widget\" data-widget_type=\"text-editor.default\">\n\t\t\t\t<div class=\"elementor-widget-container\">\n\t\t\t\t\t\t\t\t\t<h5>Responsable du contenu<\/h5><p>POORT A POORT Dorfhotel AG<br \/>Dorfstrasse 138<br \/>3993 Grengiols<\/p><p><strong>Telefon:<\/strong> <a href=\"tel:+41275300233\">027 530 02 33<\/a><br \/><strong>E-Mail:<\/strong>\u00a0<a href=\"mailto:info@poortapoort.ch\">info@poortapoort.ch<\/a><\/p>\t\t\t\t\t\t\t\t<\/div>\n\t\t\t\t<\/div>\n\t\t\t\t<div class=\"elementor-element elementor-element-1c92e0a elementor-widget elementor-widget-text-editor\" data-id=\"1c92e0a\" data-element_type=\"widget\" data-e-type=\"widget\" data-widget_type=\"text-editor.default\">\n\t\t\t\t<div class=\"elementor-widget-container\">\n\t\t\t\t\t\t\t\t\t<h5>Conception, d\u00e9veloppement et h\u00e9bergement de sites web<\/h5><p>Valpix GmbH<br \/>Kehrstrasse 12<br \/>3904 Naters<\/p><p><strong>E-Mail:<\/strong>\u00a0<a href=\"mailto:hallo@valpix.ch\">hallo@valpix.ch<\/a><br \/><strong>Website:<\/strong>\u00a0<a href=\"https:\/\/www.valpix.ch\/\" target=\"_blank\" rel=\"noopener\">www.valpix.ch<\/a><\/p><p><a href=\"https:\/\/www.valpix.ch\/angebot\/\" target=\"_blank\" rel=\"noopener\">Agentur f\u00fcr professionelle Hotel Webseiten mit WordPress<\/a><\/p>\t\t\t\t\t\t\t\t<\/div>\n\t\t\t\t<\/div>\n\t\t\t\t<div class=\"elementor-element elementor-element-eda0503 elementor-widget elementor-widget-text-editor\" data-id=\"eda0503\" data-element_type=\"widget\" data-e-type=\"widget\" data-widget_type=\"text-editor.default\">\n\t\t\t\t<div class=\"elementor-widget-container\">\n\t\t\t\t\t\t\t\t\t<h5>Avis de responsabilit\u00e9<\/h5><p>Le contenu de ces pages web est mis \u00e0 jour avec le plus grand soin. N\u00e9anmoins, aucune responsabilit\u00e9 n&rsquo;est assum\u00e9e pour le contenu. Sous r\u00e9serve de fautes d&rsquo;impression, d&rsquo;erreurs et de modifications. Le contenu est prot\u00e9g\u00e9 par les droits d&rsquo;auteur. Nous n&rsquo;assumons aucune responsabilit\u00e9 pour le contenu des liens externes. Seuls les exploitants des pages li\u00e9es sont responsables de leur contenu.<\/p>\t\t\t\t\t\t\t\t<\/div>\n\t\t\t\t<\/div>\n\t\t\t\t<\/div>\n\t\t\t\t\t<\/div>\n\t\t\t\t<\/section>\n\t\t\t\t<\/div>\n\t\t","protected":false},"excerpt":{"rendered":"<p>Dorfhotel Poort A Poort Mentions l\u00e9gales Responsable du contenu POORT A POORT Dorfhotel AGDorfstrasse 1383993 Grengiols Telefon: 027 530 02 33E-Mail:\u00a0info@poortapoort.ch Conception, d\u00e9veloppement et h\u00e9bergement de sites web Valpix GmbHKehrstrasse 123904 Naters E-Mail:\u00a0hallo@valpix.chWebsite:\u00a0www.valpix.ch Agentur f\u00fcr professionelle Hotel Webseiten mit WordPress Avis de responsabilit\u00e9 Le contenu de ces pages web est mis \u00e0 jour avec le [&hellip;]<\/p>\n","protected":false},"author":1,"featured_media":1114,"parent":0,"menu_order":0,"comment_status":"closed","ping_status":"closed","template":"","meta":{"_acf_changed":false,"footnotes":""},"class_list":["post-1856","page","type-page","status-publish","has-post-thumbnail","hentry"],"acf":[],"yoast_head":"<!-- This site is optimized with the Yoast SEO plugin v27.3 - https:\/\/yoast.com\/product\/yoast-seo-wordpress\/ -->\n<title>Mentions l\u00e9gales - Dorfhotel POORT A POORT Grengiols<\/title>\n<meta name=\"robots\" content=\"noindex, nofollow\" \/>\n<meta property=\"og:locale\" content=\"fr_FR\" \/>\n<meta property=\"og:type\" content=\"article\" \/>\n<meta property=\"og:title\" content=\"Mentions l\u00e9gales - Dorfhotel POORT A POORT Grengiols\" \/>\n<meta property=\"og:description\" content=\"Dorfhotel Poort A Poort Mentions l\u00e9gales Responsable du contenu POORT A POORT Dorfhotel AGDorfstrasse 1383993 Grengiols Telefon: 027 530 02 33E-Mail:\u00a0info@poortapoort.ch Conception, d\u00e9veloppement et h\u00e9bergement de sites web Valpix GmbHKehrstrasse 123904 Naters E-Mail:\u00a0hallo@valpix.chWebsite:\u00a0www.valpix.ch Agentur f\u00fcr professionelle Hotel Webseiten mit WordPress Avis de responsabilit\u00e9 Le contenu de ces pages web est mis \u00e0 jour avec le [&hellip;]\" \/>\n<meta property=\"og:url\" content=\"https:\/\/www.poortapoort.ch\/fr\/mentions-legales\/\" \/>\n<meta property=\"og:site_name\" content=\"Dorfhotel POORT A POORT Grengiols\" \/>\n<meta property=\"article:modified_time\" content=\"2024-08-02T13:58:12+00:00\" \/>\n<meta property=\"og:image\" content=\"https:\/\/www.poortapoort.ch\/wp-content\/uploads\/2024\/07\/Dorfhotel-Poort-a-Poort-Grengiols-Impressum-scaled.jpg\" \/>\n\t<meta property=\"og:image:width\" content=\"2560\" \/>\n\t<meta property=\"og:image:height\" content=\"1440\" \/>\n\t<meta property=\"og:image:type\" content=\"image\/jpeg\" \/>\n<meta name=\"twitter:card\" content=\"summary_large_image\" \/>\n<meta name=\"twitter:label1\" content=\"Dur\u00e9e de lecture estim\u00e9e\" \/>\n\t<meta name=\"twitter:data1\" content=\"1 minute\" \/>\n<script type=\"application\/ld+json\" class=\"yoast-schema-graph\">{\"@context\":\"https:\\\/\\\/schema.org\",\"@graph\":[{\"@type\":\"WebPage\",\"@id\":\"https:\\\/\\\/www.poortapoort.ch\\\/fr\\\/mentions-legales\\\/\",\"url\":\"https:\\\/\\\/www.poortapoort.ch\\\/fr\\\/mentions-legales\\\/\",\"name\":\"Mentions l\u00e9gales - Dorfhotel POORT A POORT Grengiols\",\"isPartOf\":{\"@id\":\"https:\\\/\\\/www.poortapoort.ch\\\/#website\"},\"primaryImageOfPage\":{\"@id\":\"https:\\\/\\\/www.poortapoort.ch\\\/fr\\\/mentions-legales\\\/#primaryimage\"},\"image\":{\"@id\":\"https:\\\/\\\/www.poortapoort.ch\\\/fr\\\/mentions-legales\\\/#primaryimage\"},\"thumbnailUrl\":\"https:\\\/\\\/www.poortapoort.ch\\\/wp-content\\\/uploads\\\/2024\\\/07\\\/Dorfhotel-Poort-a-Poort-Grengiols-Impressum-scaled.jpg\",\"datePublished\":\"2024-07-24T06:21:02+00:00\",\"dateModified\":\"2024-08-02T13:58:12+00:00\",\"breadcrumb\":{\"@id\":\"https:\\\/\\\/www.poortapoort.ch\\\/fr\\\/mentions-legales\\\/#breadcrumb\"},\"inLanguage\":\"fr-FR\",\"potentialAction\":[{\"@type\":\"ReadAction\",\"target\":[\"https:\\\/\\\/www.poortapoort.ch\\\/fr\\\/mentions-legales\\\/\"]}]},{\"@type\":\"ImageObject\",\"inLanguage\":\"fr-FR\",\"@id\":\"https:\\\/\\\/www.poortapoort.ch\\\/fr\\\/mentions-legales\\\/#primaryimage\",\"url\":\"https:\\\/\\\/www.poortapoort.ch\\\/wp-content\\\/uploads\\\/2024\\\/07\\\/Dorfhotel-Poort-a-Poort-Grengiols-Impressum-scaled.jpg\",\"contentUrl\":\"https:\\\/\\\/www.poortapoort.ch\\\/wp-content\\\/uploads\\\/2024\\\/07\\\/Dorfhotel-Poort-a-Poort-Grengiols-Impressum-scaled.jpg\",\"width\":2560,\"height\":1440},{\"@type\":\"BreadcrumbList\",\"@id\":\"https:\\\/\\\/www.poortapoort.ch\\\/fr\\\/mentions-legales\\\/#breadcrumb\",\"itemListElement\":[{\"@type\":\"ListItem\",\"position\":1,\"name\":\"Startseite\",\"item\":\"https:\\\/\\\/www.poortapoort.ch\\\/fr\\\/\"},{\"@type\":\"ListItem\",\"position\":2,\"name\":\"Mentions l\u00e9gales\"}]},{\"@type\":\"WebSite\",\"@id\":\"https:\\\/\\\/www.poortapoort.ch\\\/#website\",\"url\":\"https:\\\/\\\/www.poortapoort.ch\\\/\",\"name\":\"Dorfhotel POORT A POORT Grengiols\",\"description\":\"\",\"publisher\":{\"@id\":\"https:\\\/\\\/www.poortapoort.ch\\\/#organization\"},\"potentialAction\":[{\"@type\":\"SearchAction\",\"target\":{\"@type\":\"EntryPoint\",\"urlTemplate\":\"https:\\\/\\\/www.poortapoort.ch\\\/?s={search_term_string}\"},\"query-input\":{\"@type\":\"PropertyValueSpecification\",\"valueRequired\":true,\"valueName\":\"search_term_string\"}}],\"inLanguage\":\"fr-FR\"},{\"@type\":\"Organization\",\"@id\":\"https:\\\/\\\/www.poortapoort.ch\\\/#organization\",\"name\":\"Dorfhotel POORT A POORT Grengiols\",\"url\":\"https:\\\/\\\/www.poortapoort.ch\\\/\",\"logo\":{\"@type\":\"ImageObject\",\"inLanguage\":\"fr-FR\",\"@id\":\"https:\\\/\\\/www.poortapoort.ch\\\/#\\\/schema\\\/logo\\\/image\\\/\",\"url\":\"https:\\\/\\\/www.poortapoort.ch\\\/wp-content\\\/uploads\\\/2024\\\/07\\\/Logo-Poort-a-Poort-Grengiols.svg\",\"contentUrl\":\"https:\\\/\\\/www.poortapoort.ch\\\/wp-content\\\/uploads\\\/2024\\\/07\\\/Logo-Poort-a-Poort-Grengiols.svg\",\"width\":303,\"height\":59,\"caption\":\"Dorfhotel POORT A POORT Grengiols\"},\"image\":{\"@id\":\"https:\\\/\\\/www.poortapoort.ch\\\/#\\\/schema\\\/logo\\\/image\\\/\"}}]}<\/script>\n<!-- \/ Yoast SEO plugin. -->","yoast_head_json":{"title":"Mentions l\u00e9gales - Dorfhotel POORT A POORT Grengiols","robots":{"index":"noindex","follow":"nofollow"},"og_locale":"fr_FR","og_type":"article","og_title":"Mentions l\u00e9gales - Dorfhotel POORT A POORT Grengiols","og_description":"Dorfhotel Poort A Poort Mentions l\u00e9gales Responsable du contenu POORT A POORT Dorfhotel AGDorfstrasse 1383993 Grengiols Telefon: 027 530 02 33E-Mail:\u00a0info@poortapoort.ch Conception, d\u00e9veloppement et h\u00e9bergement de sites web Valpix GmbHKehrstrasse 123904 Naters E-Mail:\u00a0hallo@valpix.chWebsite:\u00a0www.valpix.ch Agentur f\u00fcr professionelle Hotel Webseiten mit WordPress Avis de responsabilit\u00e9 Le contenu de ces pages web est mis \u00e0 jour avec le [&hellip;]","og_url":"https:\/\/www.poortapoort.ch\/fr\/mentions-legales\/","og_site_name":"Dorfhotel POORT A POORT Grengiols","article_modified_time":"2024-08-02T13:58:12+00:00","og_image":[{"width":2560,"height":1440,"url":"https:\/\/www.poortapoort.ch\/wp-content\/uploads\/2024\/07\/Dorfhotel-Poort-a-Poort-Grengiols-Impressum-scaled.jpg","type":"image\/jpeg"}],"twitter_card":"summary_large_image","twitter_misc":{"Dur\u00e9e de lecture estim\u00e9e":"1 minute"},"schema":{"@context":"https:\/\/schema.org","@graph":[{"@type":"WebPage","@id":"https:\/\/www.poortapoort.ch\/fr\/mentions-legales\/","url":"https:\/\/www.poortapoort.ch\/fr\/mentions-legales\/","name":"Mentions l\u00e9gales - Dorfhotel POORT A POORT Grengiols","isPartOf":{"@id":"https:\/\/www.poortapoort.ch\/#website"},"primaryImageOfPage":{"@id":"https:\/\/www.poortapoort.ch\/fr\/mentions-legales\/#primaryimage"},"image":{"@id":"https:\/\/www.poortapoort.ch\/fr\/mentions-legales\/#primaryimage"},"thumbnailUrl":"https:\/\/www.poortapoort.ch\/wp-content\/uploads\/2024\/07\/Dorfhotel-Poort-a-Poort-Grengiols-Impressum-scaled.jpg","datePublished":"2024-07-24T06:21:02+00:00","dateModified":"2024-08-02T13:58:12+00:00","breadcrumb":{"@id":"https:\/\/www.poortapoort.ch\/fr\/mentions-legales\/#breadcrumb"},"inLanguage":"fr-FR","potentialAction":[{"@type":"ReadAction","target":["https:\/\/www.poortapoort.ch\/fr\/mentions-legales\/"]}]},{"@type":"ImageObject","inLanguage":"fr-FR","@id":"https:\/\/www.poortapoort.ch\/fr\/mentions-legales\/#primaryimage","url":"https:\/\/www.poortapoort.ch\/wp-content\/uploads\/2024\/07\/Dorfhotel-Poort-a-Poort-Grengiols-Impressum-scaled.jpg","contentUrl":"https:\/\/www.poortapoort.ch\/wp-content\/uploads\/2024\/07\/Dorfhotel-Poort-a-Poort-Grengiols-Impressum-scaled.jpg","width":2560,"height":1440},{"@type":"BreadcrumbList","@id":"https:\/\/www.poortapoort.ch\/fr\/mentions-legales\/#breadcrumb","itemListElement":[{"@type":"ListItem","position":1,"name":"Startseite","item":"https:\/\/www.poortapoort.ch\/fr\/"},{"@type":"ListItem","position":2,"name":"Mentions l\u00e9gales"}]},{"@type":"WebSite","@id":"https:\/\/www.poortapoort.ch\/#website","url":"https:\/\/www.poortapoort.ch\/","name":"Dorfhotel POORT A POORT Grengiols","description":"","publisher":{"@id":"https:\/\/www.poortapoort.ch\/#organization"},"potentialAction":[{"@type":"SearchAction","target":{"@type":"EntryPoint","urlTemplate":"https:\/\/www.poortapoort.ch\/?s={search_term_string}"},"query-input":{"@type":"PropertyValueSpecification","valueRequired":true,"valueName":"search_term_string"}}],"inLanguage":"fr-FR"},{"@type":"Organization","@id":"https:\/\/www.poortapoort.ch\/#organization","name":"Dorfhotel POORT A POORT Grengiols","url":"https:\/\/www.poortapoort.ch\/","logo":{"@type":"ImageObject","inLanguage":"fr-FR","@id":"https:\/\/www.poortapoort.ch\/#\/schema\/logo\/image\/","url":"https:\/\/www.poortapoort.ch\/wp-content\/uploads\/2024\/07\/Logo-Poort-a-Poort-Grengiols.svg","contentUrl":"https:\/\/www.poortapoort.ch\/wp-content\/uploads\/2024\/07\/Logo-Poort-a-Poort-Grengiols.svg","width":303,"height":59,"caption":"Dorfhotel POORT A POORT Grengiols"},"image":{"@id":"https:\/\/www.poortapoort.ch\/#\/schema\/logo\/image\/"}}]}},"_links":{"self":[{"href":"https:\/\/www.poortapoort.ch\/fr\/wp-json\/wp\/v2\/pages\/1856","targetHints":{"allow":["GET"]}}],"collection":[{"href":"https:\/\/www.poortapoort.ch\/fr\/wp-json\/wp\/v2\/pages"}],"about":[{"href":"https:\/\/www.poortapoort.ch\/fr\/wp-json\/wp\/v2\/types\/page"}],"author":[{"embeddable":true,"href":"https:\/\/www.poortapoort.ch\/fr\/wp-json\/wp\/v2\/users\/1"}],"replies":[{"embeddable":true,"href":"https:\/\/www.poortapoort.ch\/fr\/wp-json\/wp\/v2\/comments?post=1856"}],"version-history":[{"count":5,"href":"https:\/\/www.poortapoort.ch\/fr\/wp-json\/wp\/v2\/pages\/1856\/revisions"}],"predecessor-version":[{"id":2013,"href":"https:\/\/www.poortapoort.ch\/fr\/wp-json\/wp\/v2\/pages\/1856\/revisions\/2013"}],"wp:featuredmedia":[{"embeddable":true,"href":"https:\/\/www.poortapoort.ch\/fr\/wp-json\/wp\/v2\/media\/1114"}],"wp:attachment":[{"href":"https:\/\/www.poortapoort.ch\/fr\/wp-json\/wp\/v2\/media?parent=1856"}],"curies":[{"name":"wp","href":"https:\/\/api.w.org\/{rel}","templated":true}]}}